{"id":35,"date":"2022-02-20T02:46:55","date_gmt":"2022-02-20T02:46:55","guid":{"rendered":"https:\/\/cm-berg.com\/?page_id=35"},"modified":"2022-02-20T19:49:46","modified_gmt":"2022-02-20T19:49:46","slug":"uber-uns","status":"publish","type":"page","link":"https:\/\/cm-berg.com\/","title":{"rendered":"\u00dcber Uns"},"content":{"rendered":"<div id=\"metaslider-id-84\" style=\"width: 100%;\" class=\"ml-slider-3-90-1 metaslider metaslider-flex metaslider-84 ml-slider ms-theme-default\" role=\"region\" aria-roledescription=\"Slideshow\" aria-label=\"New Slideshow\">\n    <div id=\"metaslider_container_84\">\n        <div id=\"metaslider_84\">\n            <ul class='slides'>\n                <li style=\"display: block; width: 100%;\" class=\"slide-90 ms-image \" aria-roledescription=\"slide\" aria-label=\"slide-90\"><img loading=\"lazy\" decoding=\"async\" src=\"https:\/\/cm-berg.com\/wp-content\/uploads\/2022\/02\/cmberg-12-1-1000x300.jpg\" height=\"300\" width=\"1000\" alt=\"\" class=\"slider-84 slide-90\" title=\"cmberg-12-1\" \/><\/li>\n                <li style=\"display: none; width: 100%;\" class=\"slide-91 ms-image \" aria-roledescription=\"slide\" aria-label=\"slide-91\"><img loading=\"lazy\" decoding=\"async\" src=\"https:\/\/cm-berg.com\/wp-content\/uploads\/2022\/02\/cmberg-16-1-1000x300.jpg\" height=\"300\" width=\"1000\" alt=\"\" class=\"slider-84 slide-91\" title=\"cmberg-16-1\" \/><\/li>\n                <li style=\"display: none; width: 100%;\" class=\"slide-92 ms-image \" aria-roledescription=\"slide\" aria-label=\"slide-92\"><img loading=\"lazy\" decoding=\"async\" src=\"https:\/\/cm-berg.com\/wp-content\/uploads\/2022\/02\/cmberg-20-1-1000x300.jpg\" height=\"300\" width=\"1000\" alt=\"\" class=\"slider-84 slide-92\" title=\"cmberg-20-1\" \/><\/li>\n                <li style=\"display: none; width: 100%;\" class=\"slide-93 ms-image \" aria-roledescription=\"slide\" aria-label=\"slide-93\"><img loading=\"lazy\" decoding=\"async\" src=\"https:\/\/cm-berg.com\/wp-content\/uploads\/2022\/02\/cmberg-9-1-1000x300.jpg\" height=\"300\" width=\"1000\" alt=\"\" class=\"slider-84 slide-93\" title=\"cmberg-9-1\" \/><\/li>\n                <li style=\"display: none; width: 100%;\" class=\"slide-94 ms-image \" aria-roledescription=\"slide\" aria-label=\"slide-94\"><img loading=\"lazy\" decoding=\"async\" src=\"https:\/\/cm-berg.com\/wp-content\/uploads\/2022\/02\/cmberg-6-1-1000x300.jpg\" height=\"300\" width=\"1000\" alt=\"\" class=\"slider-84 slide-94\" title=\"cmberg-6-1\" \/><\/li>\n            <\/ul>\n        <\/div>\n        \n    <\/div>\n<\/div>\n\n\n\n<p>Handwerkliche Tradition, das Streben nach Perfektion, sowie die Freude und Begeisterung, neue Wege zu gehen, charakterisieren unsere Unternehmensphilosophie.<br>Auf dieser Grundlage fertigen wir seit mehr als 30 Jahren in unseren Werkst\u00e4tten Meisterst\u00fccke, die sich durch ihre gelungene Symbiose aus hochwertigen Materialien, modernem Design, und der perfekten Ausgewogenheit von Form und Funktion auszeichnen.<br>Gegr\u00fcndet wurde CM Berg &nbsp;Berg Meisterwerkst\u00e4tten 1977 &nbsp;in Formholz bei Bochum Witten<br>Ab &nbsp;1991 bis 2015 &nbsp;sind die C. M. Berg Meisterwerkst\u00e4tten in Biberbach bei M\u00fcnchen zuhause. In den alten Gew\u00f6lben eines Landsitzes haben wir modernste Technik und traditionelles Handwerk, Erfahrung und K\u00f6nnen, Begeisterung und Kreativit\u00e4t, sowie unser hochqualifiziertes, Team unter einem Dach vereint.l<\/p>\n\n\n\n<p>Inhaber und Leiter der Werkst\u00e4tten ist Carl-Matthias Berg, Schreinermeister, Schlosser, Restaurator (M\u00fcnchner Residenz), M\u00f6beldesigner und Mitglied der Schreinerinnung M\u00fcnchen.<\/p>\n\n\n\n<p>Das Spektrum unserer Arbeiten erstreckt sich vom individuellen Einzelm\u00f6bel bis hin zu kompletten Inneneinrichtungen von Haus, Wohnung, B\u00fcro, Praxis, Kanzlei, Restaurant<br>Dabei stehen Sie im Mittelpunkt unseres Interesses. Jeder Ihrer W\u00fcnsche und Vorstellungen ist f\u00fcr uns eine neue, einzigartige Herausforderung. Wir garantieren unseren Kunden Kompetenz aus einer Hand: von der exakten Planung bis hin zur perfekten handwerklichen Ausf\u00fchrung, vom kleinsten Detail bis zur vollkommenen L\u00f6sung, vom Entwurf bis zum bezugsfertigen Einbau Nat\u00fcrlich k\u00fcmmern wir uns auch um alles, was dazugeh\u00f6rt: Sanit\u00e4rinstallation, Elektrik, Schlosser- oder Polstertarbeiten, u.v.a.<\/p>\n\n\n\n<p>Die C.M.Berg-Meisterwerkst\u00e4tten stehen f\u00fcr Qualit\u00e4t und Zuverl\u00e4ssigkeit in jeder Phase des Entstehungsprozesses.<br>Unsere Kunden, die sich in Deutschland und Europa f\u00fcr eine Zusammenarbeit mit uns entschieden haben, sind unsere gr\u00f6\u00dfte Auszeichnung \u2014 und Ansporn immer wieder Neues, Einzigartiges, Unverwechselbares zu schaffen.<\/p>\n\n\n\n<p>Wir sind da! Nat\u00fcrlich auch f\u00fcr Sie!<\/p>\n\n\n\n<div class=\"rl-gallery-container rl-loading\" id=\"rl-gallery-container-1\" data-gallery_id=\"104\"> <div class=\"rl-gallery rl-basicgrid-gallery \" id=\"rl-gallery-1\" data-gallery_no=\"1\"> <div class=\"rl-gallery-item\"><a href=\"https:\/\/cm-berg.com\/wp-content\/uploads\/2022\/02\/broch_berg-9-1.jpg\" title=\"\" data-rl_title=\"\" class=\"rl-gallery-link\" data-rl_caption=\"\" data-rel=\"lightbox-gallery-1\"><img loading=\"lazy\" decoding=\"async\" src=\"https:\/\/cm-berg.com\/wp-content\/uploads\/2022\/02\/broch_berg-9-1-290x300.jpg\" width=\"290\" height=\"300\" alt=\"\"\/><\/a><\/div><div class=\"rl-gallery-item\"><a href=\"https:\/\/cm-berg.com\/wp-content\/uploads\/2022\/02\/broch_berg-9.2.jpg\" title=\"\" data-rl_title=\"\" class=\"rl-gallery-link\" data-rl_caption=\"\" data-rel=\"lightbox-gallery-1\"><img loading=\"lazy\" decoding=\"async\" src=\"https:\/\/cm-berg.com\/wp-content\/uploads\/2022\/02\/broch_berg-9.2-287x300.jpg\" width=\"287\" height=\"300\" alt=\"\"\/><\/a><\/div><div class=\"rl-gallery-item\"><a href=\"https:\/\/cm-berg.com\/wp-content\/uploads\/2022\/02\/broch_berg-3.jpg\" title=\"\" data-rl_title=\"\" class=\"rl-gallery-link\" data-rl_caption=\"\" data-rel=\"lightbox-gallery-1\"><img loading=\"lazy\" decoding=\"async\" src=\"https:\/\/cm-berg.com\/wp-content\/uploads\/2022\/02\/broch_berg-3-168x300.jpg\" width=\"168\" height=\"300\" alt=\"\"\/><\/a><\/div><div class=\"rl-gallery-item\"><a href=\"https:\/\/cm-berg.com\/wp-content\/uploads\/2022\/02\/broch_berg-4.3.jpg\" title=\"\" data-rl_title=\"\" class=\"rl-gallery-link\" data-rl_caption=\"\" data-rel=\"lightbox-gallery-1\"><img loading=\"lazy\" decoding=\"async\" src=\"https:\/\/cm-berg.com\/wp-content\/uploads\/2022\/02\/broch_berg-4.3-300x171.jpg\" width=\"300\" height=\"171\" alt=\"\"\/><\/a><\/div><div class=\"rl-gallery-item\"><a href=\"https:\/\/cm-berg.com\/wp-content\/uploads\/2022\/02\/broch_berg-5.1.jpg\" title=\"\" data-rl_title=\"\" class=\"rl-gallery-link\" data-rl_caption=\"\" data-rel=\"lightbox-gallery-1\"><img loading=\"lazy\" decoding=\"async\" src=\"https:\/\/cm-berg.com\/wp-content\/uploads\/2022\/02\/broch_berg-5.1-300x216.jpg\" width=\"300\" height=\"216\" alt=\"\"\/><\/a><\/div><div class=\"rl-gallery-item\"><a href=\"https:\/\/cm-berg.com\/wp-content\/uploads\/2022\/02\/broch_berg-5.2.jpg\" title=\"\" data-rl_title=\"\" class=\"rl-gallery-link\" data-rl_caption=\"\" data-rel=\"lightbox-gallery-1\"><img loading=\"lazy\" decoding=\"async\" src=\"https:\/\/cm-berg.com\/wp-content\/uploads\/2022\/02\/broch_berg-5.2-300x300.jpg\" width=\"300\" height=\"300\" alt=\"\"\/><\/a><\/div><div class=\"rl-gallery-item\"><a href=\"https:\/\/cm-berg.com\/wp-content\/uploads\/2022\/02\/broch_berg-7.1.jpg\" title=\"\" data-rl_title=\"\" class=\"rl-gallery-link\" data-rl_caption=\"\" data-rel=\"lightbox-gallery-1\"><img loading=\"lazy\" decoding=\"async\" src=\"https:\/\/cm-berg.com\/wp-content\/uploads\/2022\/02\/broch_berg-7.1-203x300.jpg\" width=\"203\" height=\"300\" alt=\"\"\/><\/a><\/div><div class=\"rl-gallery-item\"><a href=\"https:\/\/cm-berg.com\/wp-content\/uploads\/2022\/02\/broch_berg-7.jpg\" title=\"\" data-rl_title=\"\" class=\"rl-gallery-link\" data-rl_caption=\"\" data-rel=\"lightbox-gallery-1\"><img loading=\"lazy\" decoding=\"async\" src=\"https:\/\/cm-berg.com\/wp-content\/uploads\/2022\/02\/broch_berg-7-185x300.jpg\" width=\"185\" height=\"300\" alt=\"\"\/><\/a><\/div><div class=\"rl-gallery-item\"><a href=\"https:\/\/cm-berg.com\/wp-content\/uploads\/2022\/02\/broch_berg-7.3.jpg\" title=\"\" data-rl_title=\"\" class=\"rl-gallery-link\" data-rl_caption=\"\" data-rel=\"lightbox-gallery-1\"><img loading=\"lazy\" decoding=\"async\" src=\"https:\/\/cm-berg.com\/wp-content\/uploads\/2022\/02\/broch_berg-7.3-184x300.jpg\" width=\"184\" height=\"300\" alt=\"\"\/><\/a><\/div><div class=\"rl-gallery-item\"><a href=\"https:\/\/cm-berg.com\/wp-content\/uploads\/2022\/02\/broch_berg-7.4.jpg\" title=\"\" data-rl_title=\"\" class=\"rl-gallery-link\" data-rl_caption=\"\" data-rel=\"lightbox-gallery-1\"><img loading=\"lazy\" decoding=\"async\" src=\"https:\/\/cm-berg.com\/wp-content\/uploads\/2022\/02\/broch_berg-7.4-159x300.jpg\" width=\"159\" height=\"300\" alt=\"\"\/><\/a><\/div><div class=\"rl-gallery-item\"><a href=\"https:\/\/cm-berg.com\/wp-content\/uploads\/2022\/02\/broch_berg-8.jpg\" title=\"\" data-rl_title=\"\" class=\"rl-gallery-link\" data-rl_caption=\"\" data-rel=\"lightbox-gallery-1\"><img loading=\"lazy\" decoding=\"async\" src=\"https:\/\/cm-berg.com\/wp-content\/uploads\/2022\/02\/broch_berg-8-300x236.jpg\" width=\"300\" height=\"236\" alt=\"\"\/><\/a><\/div><div class=\"rl-gallery-item\"><a href=\"https:\/\/cm-berg.com\/wp-content\/uploads\/2022\/02\/broch_berg-8.1.jpg\" title=\"\" data-rl_title=\"\" class=\"rl-gallery-link\" data-rl_caption=\"\" data-rel=\"lightbox-gallery-1\"><img loading=\"lazy\" decoding=\"async\" src=\"https:\/\/cm-berg.com\/wp-content\/uploads\/2022\/02\/broch_berg-8.1-300x290.jpg\" width=\"300\" height=\"290\" alt=\"\"\/><\/a><\/div><div class=\"rl-gallery-item\"><a href=\"https:\/\/cm-berg.com\/wp-content\/uploads\/2022\/02\/broch_berg-10.jpg\" title=\"\" data-rl_title=\"\" class=\"rl-gallery-link\" data-rl_caption=\"\" data-rel=\"lightbox-gallery-1\"><img loading=\"lazy\" decoding=\"async\" src=\"https:\/\/cm-berg.com\/wp-content\/uploads\/2022\/02\/broch_berg-10-300x273.jpg\" width=\"300\" height=\"273\" alt=\"\"\/><\/a><\/div><div class=\"rl-gallery-item\"><a href=\"https:\/\/cm-berg.com\/wp-content\/uploads\/2022\/02\/broch_berg-10.1.jpg\" title=\"\" data-rl_title=\"\" class=\"rl-gallery-link\" data-rl_caption=\"\" data-rel=\"lightbox-gallery-1\"><img loading=\"lazy\" decoding=\"async\" src=\"https:\/\/cm-berg.com\/wp-content\/uploads\/2022\/02\/broch_berg-10.1-300x249.jpg\" width=\"300\" height=\"249\" alt=\"\"\/><\/a><\/div><div class=\"rl-gallery-item\"><a href=\"https:\/\/cm-berg.com\/wp-content\/uploads\/2022\/02\/cmberg-3.jpg\" title=\"\" data-rl_title=\"\" class=\"rl-gallery-link\" data-rl_caption=\"\" data-rel=\"lightbox-gallery-1\"><img loading=\"lazy\" decoding=\"async\" src=\"https:\/\/cm-berg.com\/wp-content\/uploads\/2022\/02\/cmberg-3-223x300.jpg\" width=\"223\" height=\"300\" alt=\"\"\/><\/a><\/div><div class=\"rl-gallery-item\"><a href=\"https:\/\/cm-berg.com\/wp-content\/uploads\/2022\/02\/cmberg-10.jpg\" title=\"\" data-rl_title=\"\" class=\"rl-gallery-link\" data-rl_caption=\"\" data-rel=\"lightbox-gallery-1\"><img loading=\"lazy\" decoding=\"async\" src=\"https:\/\/cm-berg.com\/wp-content\/uploads\/2022\/02\/cmberg-10-300x278.jpg\" width=\"300\" height=\"278\" alt=\"\"\/><\/a><\/div><div class=\"rl-gallery-item\"><a href=\"https:\/\/cm-berg.com\/wp-content\/uploads\/2022\/02\/cmberg-19.jpg\" title=\"\" data-rl_title=\"\" class=\"rl-gallery-link\" data-rl_caption=\"\" data-rel=\"lightbox-gallery-1\"><img loading=\"lazy\" decoding=\"async\" src=\"https:\/\/cm-berg.com\/wp-content\/uploads\/2022\/02\/cmberg-19-300x203.jpg\" width=\"300\" height=\"203\" alt=\"\"\/><\/a><\/div><div class=\"rl-gallery-item\"><a href=\"https:\/\/cm-berg.com\/wp-content\/uploads\/2022\/02\/cmberg-18.jpg\" title=\"\" data-rl_title=\"\" class=\"rl-gallery-link\" data-rl_caption=\"\" data-rel=\"lightbox-gallery-1\"><img loading=\"lazy\" decoding=\"async\" src=\"https:\/\/cm-berg.com\/wp-content\/uploads\/2022\/02\/cmberg-18-207x300.jpg\" width=\"207\" height=\"300\" alt=\"\"\/><\/a><\/div><div class=\"rl-gallery-item\"><a href=\"https:\/\/cm-berg.com\/wp-content\/uploads\/2022\/02\/cmberg-15.jpg\" title=\"\" data-rl_title=\"\" class=\"rl-gallery-link\" data-rl_caption=\"\" data-rel=\"lightbox-gallery-1\"><img loading=\"lazy\" decoding=\"async\" src=\"https:\/\/cm-berg.com\/wp-content\/uploads\/2022\/02\/cmberg-15-300x297.jpg\" width=\"300\" height=\"297\" alt=\"\"\/><\/a><\/div><div class=\"rl-gallery-item\"><a href=\"https:\/\/cm-berg.com\/wp-content\/uploads\/2022\/02\/cmberg-14.jpg\" title=\"\" data-rl_title=\"\" class=\"rl-gallery-link\" data-rl_caption=\"\" data-rel=\"lightbox-gallery-1\"><img loading=\"lazy\" decoding=\"async\" src=\"https:\/\/cm-berg.com\/wp-content\/uploads\/2022\/02\/cmberg-14-300x297.jpg\" width=\"300\" height=\"297\" alt=\"\"\/><\/a><\/div><div class=\"rl-gallery-item\"><a href=\"https:\/\/cm-berg.com\/wp-content\/uploads\/2022\/02\/cmberg-11.jpg\" title=\"\" data-rl_title=\"\" class=\"rl-gallery-link\" data-rl_caption=\"\" data-rel=\"lightbox-gallery-1\"><img loading=\"lazy\" decoding=\"async\" src=\"https:\/\/cm-berg.com\/wp-content\/uploads\/2022\/02\/cmberg-11-300x218.jpg\" width=\"300\" height=\"218\" alt=\"\"\/><\/a><\/div> <\/div> <\/div>\n","protected":false},"excerpt":{"rendered":"<p>Handwerkliche Tradition, das Streben nach Perfektion, sowie die Freude und Begeisterung, neue Wege zu gehen, charakterisieren unsere Unternehmensphilosophie.Auf dieser Grundlage fertigen wir seit mehr als 30 Jahren in unseren Werkst\u00e4tten Meisterst\u00fccke, die sich durch ihre gelungene Symbiose aus hochwertigen Materialien, modernem Design, und der perfekten Ausgewogenheit von Form und Funktion auszeichnen.Gegr\u00fcndet wurde CM Berg &nbsp;Berg&hellip; <a class=\"more-link\" href=\"https:\/\/cm-berg.com\/\">Continue reading <span class=\"screen-reader-text\">\u00dcber Uns<\/span><\/a><\/p>\n","protected":false},"author":1,"featured_media":0,"parent":0,"menu_order":0,"comment_status":"closed","ping_status":"closed","template":"","meta":{"footnotes":""},"class_list":["post-35","page","type-page","status-publish","hentry","entry"],"_links":{"self":[{"href":"https:\/\/cm-berg.com\/index.php\/wp-json\/wp\/v2\/pages\/35","targetHints":{"allow":["GET"]}}],"collection":[{"href":"https:\/\/cm-berg.com\/index.php\/wp-json\/wp\/v2\/pages"}],"about":[{"href":"https:\/\/cm-berg.com\/index.php\/wp-json\/wp\/v2\/types\/page"}],"author":[{"embeddable":true,"href":"https:\/\/cm-berg.com\/index.php\/wp-json\/wp\/v2\/users\/1"}],"replies":[{"embeddable":true,"href":"https:\/\/cm-berg.com\/index.php\/wp-json\/wp\/v2\/comments?post=35"}],"version-history":[{"count":6,"href":"https:\/\/cm-berg.com\/index.php\/wp-json\/wp\/v2\/pages\/35\/revisions"}],"predecessor-version":[{"id":112,"href":"https:\/\/cm-berg.com\/index.php\/wp-json\/wp\/v2\/pages\/35\/revisions\/112"}],"wp:attachment":[{"href":"https:\/\/cm-berg.com\/index.php\/wp-json\/wp\/v2\/media?parent=35"}],"curies":[{"name":"wp","href":"https:\/\/api.w.org\/{rel}","templated":true}]}}